{"id":43,"date":"2019-03-22T14:24:52","date_gmt":"2019-03-22T13:24:52","guid":{"rendered":"https:\/\/neu.bag-forsa.de\/?page_id=43"},"modified":"2025-11-24T13:56:22","modified_gmt":"2025-11-24T12:56:22","slug":"startseite","status":"publish","type":"page","link":"https:\/\/bag-forsa.de\/de\/","title":{"rendered":""},"content":{"rendered":"<div id=\"pl-43\"  class=\"panel-layout\" ><div id=\"pg-43-0\"  class=\"panel-grid panel-has-style\" ><div class=\"siteorigin-panels-stretch panel-row-style panel-row-style-for-43-0\" data-stretch-type=\"full\" ><div id=\"pgc-43-0-0\"  class=\"panel-grid-cell\" ><div id=\"panel-43-0-0-0\" class=\"so-panel widget_sow-editor panel-first-child panel-last-child\" data-index=\"0\" ><div class=\"panel-widget-style panel-widget-style-for-43-0-0-0\" ><div\n\t\t\t\n\t\t\tclass=\"so-widget-sow-editor so-widget-sow-editor-base\"\n\t\t\t\n\t\t>\n<div class=\"siteorigin-widget-tinymce textwidget\">\n\t<h1>Herzlich Willkommen auf der Seite der BAG FORSA<\/h1>\n<h2 class=\"subtitle-hmpg\">Bundesarbeitsgemeinschaft Feministischer Organisationen gegen Sexuelle Gewalt an M\u00e4dchen und Frauen e.V.<\/h2>\n<p><span style=\"color: #00337f; letter-spacing: 1px;\"><strong>BAG FORSA<\/strong><\/span>\u00a0ist ein bundesweiter Zusammenschluss von Vereinen und Organisationen, die sich als spezialisierte Fachberatungsstellen auf der Grundlage einer feministischen Perspektive gegen sexualisierte Gewalt an M\u00e4dchen* und Frauen* engagieren.<\/p>\n<p><span style=\"color: #00337f; letter-spacing: 1px;\"><strong>BAG FORSA <\/strong><\/span>betrachtet sexualisierte Gewalt als gesamtgesellschaftliches Problem, das L\u00f6sungsstrategien auf verschiedenen gesellschaftlichen Ebenen und ein gemeinsames Vorgehen erfordert. Wir unterst\u00fctzen feministische Organisationen, die sich gegen sexualisierte Gewalt engagieren \u2013 sowohl in ihrer Gr\u00fcndungsphase als auch bei sp\u00e4teren Herausforderungen und H\u00fcrden.<\/p>\n<p><span style=\"color: #00337f; letter-spacing: 1px;\"><strong>BAG FORSA <\/strong><\/span>steht f\u00fcr eine<span class=\"Apple-converted-space\">\u00a0 <\/span>feministische und<span class=\"Apple-converted-space\">\u00a0 <\/span>parteiliche Haltung in der Unterst\u00fctzung von sexualisierter Gewalt betroffenen M\u00e4dchen* und Frauen*.<\/p>\n<\/div>\n<\/div><\/div><\/div><\/div><div id=\"pgc-43-0-1\"  class=\"panel-grid-cell\" ><div id=\"panel-43-0-1-0\" class=\"so-panel widget_sow-editor panel-first-child\" data-index=\"1\" ><div class=\"panel-widget-style panel-widget-style-for-43-0-1-0\" ><div\n\t\t\t\n\t\t\tclass=\"so-widget-sow-editor so-widget-sow-editor-base\"\n\t\t\t\n\t\t>\n<div class=\"siteorigin-widget-tinymce textwidget\">\n\t<p><a href=\"https:\/\/www.hilfetelefon.de\" target=\"_blank\" rel=\"noopener\"><img loading=\"lazy\" decoding=\"async\" class=\"alignright wp-image-175\" src=\"https:\/\/bag-forsa.de\/wp-content\/uploads\/2019\/03\/BFZ_Logo_Hilfetelefon_2018_auf_weiss_RGB.jpg\" alt=\"Hilfetelefon Gewalt gegen Frauen - 08000 116 016\" width=\"200\" height=\"99\" srcset=\"https:\/\/bag-forsa.de\/wp-content\/uploads\/2019\/03\/BFZ_Logo_Hilfetelefon_2018_auf_weiss_RGB.jpg 389w, https:\/\/bag-forsa.de\/wp-content\/uploads\/2019\/03\/BFZ_Logo_Hilfetelefon_2018_auf_weiss_RGB-300x149.jpg 300w\" sizes=\"auto, (max-width: 200px) 100vw, 200px\" \/><\/a><\/p>\n<\/div>\n<\/div><\/div><\/div><div id=\"panel-43-0-1-1\" class=\"so-panel widget_sow-editor\" data-index=\"2\" ><div class=\"panel-widget-style panel-widget-style-for-43-0-1-1\" ><div\n\t\t\t\n\t\t\tclass=\"so-widget-sow-editor so-widget-sow-editor-base\"\n\t\t\t\n\t\t>\n<div class=\"siteorigin-widget-tinymce textwidget\">\n\t<p><a href=\"https:\/\/www.hilfe-portal-missbrauch.de\/startseite\" target=\"_blank\" rel=\"noopener\"><img loading=\"lazy\" decoding=\"async\" class=\"alignright wp-image-624\" src=\"https:\/\/bag-forsa.de\/wp-content\/uploads\/2020\/04\/hilfetelefon.png\" alt=\"Hilfetelefon Sexueller Missbrauch - 080022 55 530\" width=\"200\" height=\"127\" srcset=\"https:\/\/bag-forsa.de\/wp-content\/uploads\/2020\/04\/hilfetelefon.png 501w, https:\/\/bag-forsa.de\/wp-content\/uploads\/2020\/04\/hilfetelefon-300x190.png 300w\" sizes=\"auto, (max-width: 200px) 100vw, 200px\" \/><\/a><\/p>\n<\/div>\n<\/div><\/div><\/div><div id=\"panel-43-0-1-2\" class=\"so-panel widget_sow-editor panel-last-child\" data-index=\"3\" ><div class=\"panel-widget-style panel-widget-style-for-43-0-1-2\" ><div\n\t\t\t\n\t\t\tclass=\"so-widget-sow-editor so-widget-sow-editor-base\"\n\t\t\t\n\t\t>\n<div class=\"siteorigin-widget-tinymce textwidget\">\n\t<p><a href=\"https:\/\/www.hilfe-portal-missbrauch.de\/hilfe-finden\/suche?search%5Bperimeter%5D=20&amp;search%5Blocation%5D=&amp;search%5Bname%5D=&amp;search%5BtargetGender%5D%5B%5D=&amp;search%5Bage%5D=\" target=\"_blank\" rel=\"noopener\"><img loading=\"lazy\" decoding=\"async\" class=\"alignright wp-image-718\" src=\"https:\/\/bag-forsa.de\/wp-content\/uploads\/2020\/04\/Beratungsstellen-logo.jpg\" alt=\"Hilfeportal Sexueller Missbrauch - https:\/\/www.hilfeportal-missbrauch.de\" width=\"200\" height=\"120\" srcset=\"https:\/\/bag-forsa.de\/wp-content\/uploads\/2020\/04\/Beratungsstellen-logo.jpg 1000w, https:\/\/bag-forsa.de\/wp-content\/uploads\/2020\/04\/Beratungsstellen-logo-300x180.jpg 300w, https:\/\/bag-forsa.de\/wp-content\/uploads\/2020\/04\/Beratungsstellen-logo-768x461.jpg 768w, https:\/\/bag-forsa.de\/wp-content\/uploads\/2020\/04\/Beratungsstellen-logo-240x145.jpg 240w\" sizes=\"auto, (max-width: 200px) 100vw, 200px\" \/><\/a><\/p>\n<\/div>\n<\/div><\/div><\/div><\/div><\/div><\/div><div id=\"pg-43-1\"  class=\"panel-grid panel-has-style\" ><div class=\"panel-row-style panel-row-style-for-43-1\" ><div id=\"pgc-43-1-0\"  class=\"panel-grid-cell panel-grid-cell-mobile-last\" ><div id=\"panel-43-1-0-0\" class=\"so-panel widget_sow-editor panel-first-child panel-last-child\" data-index=\"4\" ><div class=\"panel-widget-style panel-widget-style-for-43-1-0-0\" ><div\n\t\t\t\n\t\t\tclass=\"so-widget-sow-editor so-widget-sow-editor-base\"\n\t\t\t\n\t\t>\n<div class=\"siteorigin-widget-tinymce textwidget\">\n\t<hr \/>\n<p>&nbsp;<\/p>\n<h4><\/h4>\n<p>18.11.2025<\/p>\n<h2 style=\"color: #00337f; font-size: 30px;\">Offener Brief: BAG FORSA und breites zivilgesellschaftliches B\u00fcndnis fordern die Absicherung des Fonds Sexueller Missbrauch<\/h2>\n<p>&nbsp;<\/p>\n<p>Die BAG FORSA und zahlreiche bundesweit aktive Verb\u00e4nde und Initiativen haben sich mit einem Offenen Brief an die Unabh\u00e4ngige Bundesbeauftragte gegen sexuellen Missbrauch von Kindern und Jugendlichen (UBSKM), Kerstin Claus, sowie an die Fraktionsvorsitzenden der Regierungsfraktionen, Dr. Matthias Miersch und Jens Spahn, gewandt. Hintergrund ist die Entscheidung des Haushaltsausschusses des Deutschen Bundestags, im Haushaltsentwurf 2026 keine Mittel f\u00fcr die Weiterf\u00fchrung des Fonds Sexueller Missbrauch (FSM) vorzusehen - trotz klarer Zusage im Koalitionsvertrag.<br \/>\nDie BAG FORSA und die unterzeichnenden Verb\u00e4nde fordern dringend ein gemeinsames Gespr\u00e4ch mit Kerstin Claus, Dr. Matthias Miersch und Jens Spahn. Ziel ist es, kurzfristig eine L\u00f6sung zu erarbeiten, die eine Weiterf\u00fchrung des Fonds ab 2026 gew\u00e4hrleistet.<\/p>\n<p>&nbsp;<\/p>\n<p>Den Offenen Brief finden Sie als Download unterhalb des Artikels.<\/p>\n<p><a href=\"https:\/\/bag-forsa.de\/wp-content\/uploads\/2025\/11\/2025_11_17_Offener-Brief_FSM.pdf\" target=\"_blank\" rel=\"noopener\">https:\/\/bag-forsa.de\/wp-content\/uploads\/2025\/11\/2025_11_17_Offener-Brief_FSM.pdf<\/a><\/p>\n<\/div>\n<\/div><\/div><\/div><\/div><div id=\"pgc-43-1-1\"  class=\"panel-grid-cell panel-grid-cell-empty\" ><\/div><\/div><\/div><div id=\"pg-43-2\"  class=\"panel-grid panel-has-style\" ><div class=\"panel-row-style panel-row-style-for-43-2\" ><div id=\"pgc-43-2-0\"  class=\"panel-grid-cell panel-grid-cell-mobile-last\" ><div id=\"panel-43-2-0-0\" class=\"so-panel widget_sow-editor panel-first-child panel-last-child\" data-index=\"5\" ><div class=\"panel-widget-style panel-widget-style-for-43-2-0-0\" ><div\n\t\t\t\n\t\t\tclass=\"so-widget-sow-editor so-widget-sow-editor-base\"\n\t\t\t\n\t\t>\n<div class=\"siteorigin-widget-tinymce textwidget\">\n\t<hr \/>\n<p>&nbsp;<\/p>\n<h4><\/h4>\n<h4>14.3.2025<\/h4>\n<h2 style=\"color: #00337f; font-size: 30px;\">BAG FORSA, bff, BKSF, DGfPI und WEISSER RING fordern:<\/h2>\n<h2 style=\"color: #00337f; font-size: 30px;\">Keine Einsparungen auf Kosten der Betroffenen von sexualisierter Gewalt<\/h2>\n<p>&nbsp;<\/p>\n<p style=\"font-weight: 400;\">Wir kritisieren die Abwicklung des Fonds sexueller Missbrauch und fordern die Bundesregierung zum schnellstm\u00f6glichen Handeln auf.<\/p>\n<p style=\"font-weight: 400;\">Die Abwicklung des FSM ist inakzeptabel und muss aufgehoben werden! Eine Einstellung von EHS\/FSM darf es nicht geben, denn damit wird eine \u00e4u\u00dferst zentrale und wirkungsvolle Unterst\u00fctzung f\u00fcr Betroffene sexualisierter Gewalt in Kindheit und Jugend alternativlos gestrichen.<\/p>\n<p>&nbsp;<\/p>\n<h3 style=\"font-weight: 400;\">Unsere gemeinsame Stellungnahme finden Sie hier als Download:<\/h3>\n<p><a href=\"https:\/\/bag-forsa.de\/wp-content\/uploads\/2025\/03\/Stellungnahme-zur-Abwicklung-des-FSM.pdf\" target=\"_blank\" rel=\"noopener\">https:\/\/bag-forsa.de\/wp-content\/uploads\/2025\/03\/Stellungnahme-zur-Abwicklung-des-FSM.pdf<\/a><\/p>\n<\/div>\n<\/div><\/div><\/div><\/div><div id=\"pgc-43-2-1\"  class=\"panel-grid-cell panel-grid-cell-empty\" ><\/div><\/div><\/div><div id=\"pg-43-3\"  class=\"panel-grid panel-has-style\" ><div class=\"panel-row-style panel-row-style-for-43-3\" ><div id=\"pgc-43-3-0\"  class=\"panel-grid-cell panel-grid-cell-mobile-last\" ><div id=\"panel-43-3-0-0\" class=\"so-panel widget_sow-editor panel-first-child panel-last-child\" data-index=\"6\" ><div class=\"panel-widget-style panel-widget-style-for-43-3-0-0\" ><div\n\t\t\t\n\t\t\tclass=\"so-widget-sow-editor so-widget-sow-editor-base\"\n\t\t\t\n\t\t>\n<div class=\"siteorigin-widget-tinymce textwidget\">\n\t<hr \/>\n<p>&nbsp;<\/p>\n<h4><\/h4>\n<h4><span style=\"color: #525252;\"><strong>5.3.25<\/strong><\/span><\/h4>\n<h2 style=\"color: #00337f; font-size: 30px;\">Gemeinsame Stellungnahme von BKSF, bff, BAG Forsa und DGfPI: Fonds Sexueller Missbrauch (FSM) muss nachhaltig und strukturell gest\u00e4rkt werden<\/h2>\n<p>&nbsp;<\/p>\n<p>Mit unseren Stellungnahmen und Forderungen bringen wir die Perspektive all jener ein, die seit Jahren mit Betroffenen sexualisierter Gewalt in Kindheit und Jugend arbeiten. Derer, die Betroffenen auf ihrem Weg aus der Gewalt, bei der Bew\u00e4ltigung der erlittenen Gewalt und bei Verfahren vor Gericht unterst\u00fctzen.<\/p>\n<p>Das Erg\u00e4nzende Hilfesystem (EHS) - und damit der Fonds Sexueller Missbrauch (FSM) - bietet Betroffenen sexualisierter Gewalt in Kindheit und Jugend seit 2013 wertvolle Unterst\u00fctzung. Der bisher niedrigschwellige Zugang sowie die M\u00f6glichkeit individueller Hilfsleistungen sind eine wichtige Anerkennung und tragen ma\u00dfgeblich zur Linderung des Leids der Betroffenen bei.<\/p>\n<p>Anfang 2025 wurden die Rahmenbedingungen f\u00fcr den FSM durch neue Vorgaben des Bundesrechnungshofs ge\u00e4ndert. Diese \u00c4nderungen erschweren den Zugang zum EHS erheblich und verhindern in den meisten F\u00e4llen die Inanspruchnahme essenzieller Leistungen. Auch f\u00fcr Fachberatungsstellen, die Betroffene bei der Antragstellung unterst\u00fctzen, bedeuten die neuen Vorgaben einen erheblichen Mehraufwand. Angesichts der ohnehin begrenzten Ressourcen von Fachberatungsstellen sind diese zus\u00e4tzlichen und unentgeltlichen Beratungsleistungen oft nicht mehr leistbar.<\/p>\n<p>Wir fordern Politik und Verwaltung auf, den FSM als einen essenziellen Bestandteil des Unterst\u00fctzungssystems mit nachhaltigen Strukturen sowie einer dauerhaften gesetzlichen Festschreibung abzusichern. Mehr zu unseren Forderungen und den Hintergr\u00fcnden lesen Sie in unserem Papier, das unter diesem Artikel zum Download verf\u00fcgbar ist.<\/p>\n<p>Der Betroffenenrat hat bereits Stellung bezogen. Die detaillierte Pressemitteilung des Betroffenenrats finden Sie <a href=\"https:\/\/beauftragte-missbrauch.de\/presse\/artikel\/995\">hier<\/a>.<\/p>\n<p>&nbsp;<\/p>\n<h3>Downloads<\/h3>\n<p><a href=\"https:\/\/bag-forsa.de\/wp-content\/uploads\/2025\/03\/Stellungnahme-zum-Fonds-Sexueller-Missbrauch.pdf\">https:\/\/bag-forsa.de\/wp-content\/uploads\/2025\/03\/Stellungnahme-zum-Fonds-Sexueller-Missbrauch.pdf<\/a><\/p>\n<\/div>\n<\/div><\/div><\/div><\/div><div id=\"pgc-43-3-1\"  class=\"panel-grid-cell panel-grid-cell-empty\" ><\/div><\/div><\/div><div id=\"pg-43-4\"  class=\"panel-grid panel-no-style\" ><div id=\"pgc-43-4-0\"  class=\"panel-grid-cell panel-grid-cell-mobile-last\" ><div id=\"panel-43-4-0-0\" class=\"so-panel widget_sow-editor panel-first-child panel-last-child\" data-index=\"7\" ><div\n\t\t\t\n\t\t\tclass=\"so-widget-sow-editor so-widget-sow-editor-base\"\n\t\t\t\n\t\t>\n<div class=\"siteorigin-widget-tinymce textwidget\">\n\t<hr \/>\n<p>&nbsp;<\/p>\n<p>Als spezialisierte Fachberatungsstellen mit jahrzehntelangen Erfahrungen zum Themenfeld \"Sexualisierte Gewalt in der Kindheit und Jugend\" sind wir stets daran interessiert, uns <strong>aktiv an aktuellen feministischen und gesellschaftspolitischen Diskursen und Diskussionen zu beteiligen.<\/strong><\/p>\n<p>Zum Bereich \u201eSexualisierte Gewalt und geschlechtliche Vielfalt\u201c gibt es in der <strong>BAG FORSA<\/strong> einen regen und intensiven fachlichen Austausch. Die einzelnen MO\u00b4s sind an unterschiedlichen Punkten in dem Prozess der Einigung und\/oder der \u00d6ffnung und wir bitten Sie, <strong>n\u00e4here Informationen den jeweiligen Webseiten zu entnehmen.<\/strong> <span style=\"color: #00337f;\"><em><strong>Vielen Dank!<\/strong><\/em><\/span><\/p>\n<\/div>\n<\/div><\/div><\/div><div id=\"pgc-43-4-1\"  class=\"panel-grid-cell panel-grid-cell-empty\" ><\/div><\/div><div id=\"pg-43-5\"  class=\"panel-grid panel-has-style\" ><div class=\"siteorigin-panels-stretch panel-row-style panel-row-style-for-43-5\" data-stretch-type=\"full\" ><div id=\"pgc-43-5-0\"  class=\"panel-grid-cell\" ><div id=\"panel-43-5-0-0\" class=\"so-panel widget_sow-editor panel-first-child panel-last-child\" data-index=\"8\" ><div class=\"panel-widget-style panel-widget-style-for-43-5-0-0\" ><div\n\t\t\t\n\t\t\tclass=\"so-widget-sow-editor so-widget-sow-editor-base\"\n\t\t\t\n\t\t><h3 class=\"widget-title\">Mitgliedsorganisationen - BAG FORSA<\/h3>\n<div class=\"siteorigin-widget-tinymce textwidget\">\n\t<p>Klicken Sie die gelben Punkte auf der Karte an, um mehr \u00fcber die BAG FORSA - Mitgliedsorganisationen zu erfahren.<\/p>\n <!-- start Fla-shop.com HTML5 Map --> <div class='germany2Html5Mapright htmlMapResponsive' style='max-width:800px'><div id='germany2-html5-map-map-container_0' class='germany2Html5MapContainer' data-map-variable='germany2html5map_map_0'><\/div> <style> #germany2-html5-map-map-container_0 { } #germany2-html5-map-map-container_0 .fm-tooltip-name { color: #172C4D; font-size: 20px; font-family: 'Roboto'; } #germany2-html5-map-map-container_0 .fm-tooltip-comment { } #germany2-html5-map-map-container_0 .fm-tooltip-comment p { } @media only screen and (max-width: 480px) { #germany2-html5-map-map-container_0 { float: none; width: 100%; } } <\/style><div id='germany2-html5-map-state-info_0' class='germany2Html5MapStateInfo'><\/div> <\/div> <div style='clear: both'><\/div> <!-- end HTML5 Map --> \n<\/div>\n<\/div><\/div><\/div><\/div><\/div><\/div><\/div>","protected":false},"excerpt":{"rendered":"<p>Herzlich Willkommen auf der Seite der BAG FORSA Bundesarbeitsgemeinschaft Feministischer Organisationen gegen Sexuelle Gewalt an M\u00e4dchen und Frauen e.V. BAG FORSA\u00a0ist ein bundesweiter Zusammenschluss von Vereinen und Organisationen, die sich als spezialisierte Fachberatungsstellen auf der Grundlage einer feministischen Perspektive gegen sexualisierte Gewalt an M\u00e4dchen* und Frauen* engagieren. BAG FORSA betrachtet sexualisierte Gewalt als gesamtgesellschaftliches Problem, das L\u00f6sungsstrategien auf verschiedenen gesellschaftlichen Ebenen und ein gemeinsames Vorgehen erfordert. Wir unterst\u00fctzen feministische Organisationen, die sich gegen sexualisierte Gewalt engagieren \u2013 sowohl in ihrer Gr\u00fcndungsphase als auch bei sp\u00e4teren Herausforderungen und H\u00fcrden. BAG FORSA steht f\u00fcr eine\u00a0 feministische und\u00a0 parteiliche Haltung in der Unterst\u00fctzung&#8230; <\/p>\n","protected":false},"author":1,"featured_media":0,"parent":0,"menu_order":0,"comment_status":"closed","ping_status":"closed","template":"template-full-width.php","meta":{"footnotes":""},"class_list":["post-43","page","type-page","status-publish","hentry"],"_links":{"self":[{"href":"https:\/\/bag-forsa.de\/de\/wp-json\/wp\/v2\/pages\/43","targetHints":{"allow":["GET"]}}],"collection":[{"href":"https:\/\/bag-forsa.de\/de\/wp-json\/wp\/v2\/pages"}],"about":[{"href":"https:\/\/bag-forsa.de\/de\/wp-json\/wp\/v2\/types\/page"}],"author":[{"embeddable":true,"href":"https:\/\/bag-forsa.de\/de\/wp-json\/wp\/v2\/users\/1"}],"replies":[{"embeddable":true,"href":"https:\/\/bag-forsa.de\/de\/wp-json\/wp\/v2\/comments?post=43"}],"version-history":[{"count":210,"href":"https:\/\/bag-forsa.de\/de\/wp-json\/wp\/v2\/pages\/43\/revisions"}],"predecessor-version":[{"id":1298,"href":"https:\/\/bag-forsa.de\/de\/wp-json\/wp\/v2\/pages\/43\/revisions\/1298"}],"wp:attachment":[{"href":"https:\/\/bag-forsa.de\/de\/wp-json\/wp\/v2\/media?parent=43"}],"curies":[{"name":"wp","href":"https:\/\/api.w.org\/{rel}","templated":true}]}}