{"id":32,"date":"2019-03-22T13:33:46","date_gmt":"2019-03-22T12:33:46","guid":{"rendered":"https:\/\/neu.bag-forsa.de\/?page_id=32"},"modified":"2023-11-09T16:21:25","modified_gmt":"2023-11-09T15:21:25","slug":"spenden","status":"publish","type":"page","link":"https:\/\/bag-forsa.de\/de\/spenden\/","title":{"rendered":"Spenden"},"content":{"rendered":"<p>&nbsp;<\/p>\n<p><b>Sie wollen unsere Arbeit untert\u00fctzen?<\/b><\/p>\n<p>Gern k\u00f6nnen Sie die BAG FORSA mit einer Spende unterst\u00fctzen:<\/p>\n<p>Wir bedanken uns bei allen Menschen, die unsere Arbeit unterst\u00fctzen. Gerne stellen wir Ihnen eine Spendenquittung aus.<\/p>\n<p>&nbsp;<\/p>\n<p>Bank f\u00fcr Sozialwirtschaft Berlin<\/p>\n<p>DE75 3702 0500 0001 3659 00<\/p>\n<p>BIC: BFSWDE33BER<\/p>\n","protected":false},"excerpt":{"rendered":"<p>&nbsp; Sie wollen unsere Arbeit untert\u00fctzen? Gern k\u00f6nnen Sie die BAG FORSA mit einer Spende unterst\u00fctzen: Wir bedanken uns bei allen Menschen, die unsere Arbeit unterst\u00fctzen. Gerne stellen wir Ihnen eine Spendenquittung aus. &nbsp; Bank f\u00fcr Sozialwirtschaft Berlin DE75 3702 0500 0001 3659 00 BIC: BFSWDE33BER<\/p>\n","protected":false},"author":1,"featured_media":0,"parent":0,"menu_order":0,"comment_status":"closed","ping_status":"closed","template":"","meta":{"footnotes":""},"class_list":["post-32","page","type-page","status-publish","hentry"],"_links":{"self":[{"href":"https:\/\/bag-forsa.de\/de\/wp-json\/wp\/v2\/pages\/32","targetHints":{"allow":["GET"]}}],"collection":[{"href":"https:\/\/bag-forsa.de\/de\/wp-json\/wp\/v2\/pages"}],"about":[{"href":"https:\/\/bag-forsa.de\/de\/wp-json\/wp\/v2\/types\/page"}],"author":[{"embeddable":true,"href":"https:\/\/bag-forsa.de\/de\/wp-json\/wp\/v2\/users\/1"}],"replies":[{"embeddable":true,"href":"https:\/\/bag-forsa.de\/de\/wp-json\/wp\/v2\/comments?post=32"}],"version-history":[{"count":5,"href":"https:\/\/bag-forsa.de\/de\/wp-json\/wp\/v2\/pages\/32\/revisions"}],"predecessor-version":[{"id":1228,"href":"https:\/\/bag-forsa.de\/de\/wp-json\/wp\/v2\/pages\/32\/revisions\/1228"}],"wp:attachment":[{"href":"https:\/\/bag-forsa.de\/de\/wp-json\/wp\/v2\/media?parent=32"}],"curies":[{"name":"wp","href":"https:\/\/api.w.org\/{rel}","templated":true}]}}