{"id":26,"date":"2019-03-22T13:32:24","date_gmt":"2019-03-22T12:32:24","guid":{"rendered":"https:\/\/neu.bag-forsa.de\/?page_id=26"},"modified":"2020-04-23T13:26:45","modified_gmt":"2020-04-23T11:26:45","slug":"leitbild","status":"publish","type":"page","link":"https:\/\/bag-forsa.de\/de\/wir\/leitbild\/","title":{"rendered":"Leitbild"},"content":{"rendered":"<div id=\"pl-26\" class=\"panel-layout\">\r\n<div id=\"pg-26-0\" class=\"panel-grid panel-no-style\" data-style=\"{&quot;background_image_attachment&quot;:false,&quot;background_display&quot;:&quot;tile&quot;,&quot;cell_alignment&quot;:&quot;flex-start&quot;}\" data-ratio=\"1\" data-ratio-direction=\"right\">\r\n<div id=\"pgc-26-0-0\" class=\"panel-grid-cell\" data-weight=\"1\">\r\n<div id=\"panel-26-0-0-0\" class=\"so-panel widget_sow-editor panel-first-child panel-last-child\" data-index=\"0\">\r\n<div class=\"so-widget-sow-editor so-widget-sow-editor-base\">\r\n<div class=\"siteorigin-widget-tinymce textwidget\">\r\n<p><strong>Leitbild der Bundesarbeitsgemeinschaft Feministischer Organisationen gegen sexuelle Gewalt an M\u00e4dchen und Frauen e.V. (BAG FORSA)<\/strong><\/p>\r\n\r\n\r\n\r\n<p>Die <strong>BAG FORSA<\/strong> ist eine \u00fcberregionale Interessenvertretung und bundesweite Vernetzung von gemeinn\u00fctzigen Vereinen, die sich gegen sexualisierte Gewalt engagieren. \u00a0<\/p>\r\n<p>Im Mittelpunkt unserer Arbeit stehen M\u00e4dchen und Frauen, die sexualisierte Gewalt erleben oder erlebt haben.<\/p>\r\n<p>Wir beraten Angeh\u00f6rige und unterst\u00fctzende Personen, die keine sexualisierte Gewalt aus\u00fcben.<\/p>\r\n<p>&nbsp;<\/p>\r\n\r\n\r\n\r\n\r\n\r\n<h3 class=\"wp-block-heading\"><span style=\"color: #0066ff;\"><strong>Unsere Werte<\/strong><\/span><\/h3>\r\n<hr \/>\r\n\r\n\r\n<p>&nbsp;<\/p>\r\n<p>Die in der\u00a0BAG\u00a0FORSA\u00a0vertretenen Organisationen sind\u00a0<b>Fachstellen<\/b>\u00a0mit fundierten Kenntnissen auf dem Gebiet der Arbeit gegen sexualisierte Gewalt und arbeiten auf der Grundlage eines feministischen Konzeptes.\u00a0Unter\u00a0Feminismus\u00a0verstehen wir eine politische Haltung, die sich gegen strukturelle Gewalt und jede Form von Diskriminierung in unserer Gesellschaft wendet und die einen wertsch\u00e4tzenden und reflektierten Umgang mit den Lebensrealit\u00e4ten von M\u00e4dchen und Frauen in unserer Gesellschaft beinhaltet, die z.B. hinsichtlich Rassismuserfahrungen, Klasse, Sexualit\u00e4t oder Behinderung sehr unterschiedlich aussehen k\u00f6nnen.<\/p>\r\n<p>Das feministische Konzept\u00a0umfasst ein besonderes Unterst\u00fctzungsangebot, das wir als\u00a0<b>parteilich<\/b>\u00a0bezeichnen, da es die Selbstbestimmung von M\u00e4dchen und Frauen in den Mittelpunkt der politischen Auseinandersetzung r\u00fcckt und sich gegen die sogenannte rape culture, also ein gesellschaftliches Klima, das sexualisierte Gewalt beg\u00fcnstigt und entschuldigt, stellt. In der konkreten Beratungsarbeit wird Gewalt als solche benannt und abgelehnt: Die Gewalterfahrungen von M\u00e4dchen und Frauen werden nicht individualisiert, sondern in einen Kontext von struktureller Gewalt gesetzt.<\/p>\r\n<p>Wir setzen uns f\u00fcr\u00a0<b>Chancengerechtigkeit <\/b>aller Geschlechter\u00a0ein und k\u00e4mpfen f\u00fcr die Anerkennung sexualisierter, k\u00f6rperlicher und psychischer Gewalt als Menschenrechtsverletzung und deren \u00c4chtung.<\/p>\r\n\r\n\r\n\r\n<p>&nbsp;<\/p>\r\n\r\n\r\n\r\n<h3 class=\"wp-block-heading\"><span style=\"color: #0066ff;\"><strong>Unsere Arbeit<\/strong><\/span><\/h3>\r\n<hr \/>\r\n\r\n\r\n<p>&nbsp;<\/p>\r\n<p>Auf der Grundlage dieser Werte beraten wir in einem an den Bed\u00fcrfnissen und am Bedarf der M\u00e4dchen und Frauen orientierten\u00a0gesch\u00fctzten Raum\u00a0und begegnen ihnen als Personen in ihrer Gesamtheit. Wir nehmen sie als Expertinnen ihrer eigenen Lebenssituation wahr, die ihre Ressourcen zur Entwicklung eines eigenst\u00e4ndigen Lebensentwurfs einsetzen k\u00f6nnen, und bringen ihnen Wertsch\u00e4tzung entgegen.<\/p>\r\n<p>Wir reflektieren unsere Arbeit in Bezug auf Nutzer*innen und die von uns \u00fcbernommene Verantwortung mit\u00a0Empathie und professioneller Distanz.<\/p>\r\n<p>Durch\u00a0\u00d6ffentlichkeitsarbeit und Fachberatung\u00a0von unterst\u00fctzenden Personen machen wir die Lebenssituation von M\u00e4dchen und Frauen sowie die gesellschaftlichen Zusammenh\u00e4nge und pers\u00f6nlichen Auswirkungen von sexualisierter Gewalt erkennbar. Unser Ziel ist es, Erwachsene zu veranlassen, Verantwortung f\u00fcr ihr eigenes Handeln und den Schutz die Unterst\u00fctzung von M\u00e4dchen und Jungen zu \u00fcbernehmen. \u00a0<\/p>\r\n<p>Unsere\u00a0Pr\u00e4ventionsarbeit\u00a0unterst\u00fctzt die Entwicklung von St\u00e4rke, Autonomie und Selbstbestimmung. Sie f\u00f6rdert Strukturen und Ma\u00dfnahmen zur Verhinderung und\/oder Beendigung von sexualisierter Gewalt.<\/p>\r\n<p>Der Aufbau und die Pflege lokaler, transdisziplin\u00e4rer Netzwerke ist eine fachliche Voraussetzung f\u00fcr funktionierende Beratungsarbeit, in der es Raum f\u00fcr unterschiedliche inhaltliche Schwerpunktsetzungen sowie fachliche und strukturelle Unterschiede geben muss.<span class=\"Apple-converted-space\">\u00a0<\/span><\/p>\r\n\r\n\r\n\r\n<p>&nbsp;<\/p>\r\n\r\n\r\n\r\n<h3 class=\"wp-block-heading\"><span style=\"color: #0066ff;\"><strong>Unsere Zusammenarbeit<\/strong><\/span><\/h3>\r\n<hr \/>\r\n\r\n\r\n<p>&nbsp;<\/p>\r\n<p>Die\u00a0Zusammenarbeit mit Kooperationspartneri*nnen ist f\u00fcr die in der\u00a0BAG\u00a0FORSA\u00a0organisierten Einrichtungen durch Wertsch\u00e4tzung und sachlichen Umgang gekennzeichnet.<\/p>\r\n<p>Die\u00a0Zusammenarbeit\u00a0innerhalb der in der\u00a0BAG\u00a0FORSA\u00a0organisierten Einrichtungen ist gekennzeichnet von Respekt, Verbindlichkeit, Kritikf\u00e4higkeit und gegenseitiger Unterst\u00fctzung. Zugeh\u00f6rigkeit zum Team unter gleichzeitiger Wahrung von Eigenst\u00e4ndigkeit erm\u00f6glicht eine tragf\u00e4hige Arbeitsgrundlage.<\/p>\r\n<\/div>\r\n<\/div>\r\n<\/div>\r\n<\/div>\r\n<\/div>\r\n<\/div>","protected":false},"excerpt":{"rendered":"<p>Leitbild der Bundesarbeitsgemeinschaft Feministischer Organisationen gegen sexuelle Gewalt an M\u00e4dchen und Frauen e.V. (BAG FORSA) Die BAG FORSA ist eine \u00fcberregionale Interessenvertretung und bundesweite Vernetzung von gemeinn\u00fctzigen Vereinen, die sich gegen sexualisierte Gewalt engagieren. \u00a0 Im Mittelpunkt unserer Arbeit stehen M\u00e4dchen und Frauen, die sexualisierte Gewalt erleben oder erlebt haben. Wir beraten Angeh\u00f6rige und unterst\u00fctzende Personen, die keine sexualisierte Gewalt aus\u00fcben. &nbsp; Unsere Werte &nbsp; Die in der\u00a0BAG\u00a0FORSA\u00a0vertretenen Organisationen sind\u00a0Fachstellen\u00a0mit fundierten Kenntnissen auf dem Gebiet der Arbeit gegen sexualisierte Gewalt und arbeiten auf der Grundlage eines feministischen Konzeptes.\u00a0Unter\u00a0Feminismus\u00a0verstehen wir eine politische Haltung, die sich gegen strukturelle Gewalt und jede Form&#8230; <\/p>\n","protected":false},"author":1,"featured_media":0,"parent":2,"menu_order":0,"comment_status":"closed","ping_status":"closed","template":"template-full-width.php","meta":{"footnotes":""},"class_list":["post-26","page","type-page","status-publish","hentry"],"_links":{"self":[{"href":"https:\/\/bag-forsa.de\/de\/wp-json\/wp\/v2\/pages\/26","targetHints":{"allow":["GET"]}}],"collection":[{"href":"https:\/\/bag-forsa.de\/de\/wp-json\/wp\/v2\/pages"}],"about":[{"href":"https:\/\/bag-forsa.de\/de\/wp-json\/wp\/v2\/types\/page"}],"author":[{"embeddable":true,"href":"https:\/\/bag-forsa.de\/de\/wp-json\/wp\/v2\/users\/1"}],"replies":[{"embeddable":true,"href":"https:\/\/bag-forsa.de\/de\/wp-json\/wp\/v2\/comments?post=26"}],"version-history":[{"count":25,"href":"https:\/\/bag-forsa.de\/de\/wp-json\/wp\/v2\/pages\/26\/revisions"}],"predecessor-version":[{"id":819,"href":"https:\/\/bag-forsa.de\/de\/wp-json\/wp\/v2\/pages\/26\/revisions\/819"}],"up":[{"embeddable":true,"href":"https:\/\/bag-forsa.de\/de\/wp-json\/wp\/v2\/pages\/2"}],"wp:attachment":[{"href":"https:\/\/bag-forsa.de\/de\/wp-json\/wp\/v2\/media?parent=26"}],"curies":[{"name":"wp","href":"https:\/\/api.w.org\/{rel}","templated":true}]}}