{"id":11,"date":"2019-03-22T13:27:45","date_gmt":"2019-03-22T12:27:45","guid":{"rendered":"https:\/\/neu.bag-forsa.de\/?page_id=11"},"modified":"2020-05-01T08:16:24","modified_gmt":"2020-05-01T06:16:24","slug":"unterstutzung-und-mitgliedschaft","status":"publish","type":"page","link":"https:\/\/bag-forsa.de\/de\/unterstutzung-und-mitgliedschaft\/","title":{"rendered":"Mitgliedschaft"},"content":{"rendered":"<p>&nbsp;<\/p>\n<p><b>Sie wollen Mitglied werden?<span class=\"Apple-converted-space\">\u00a0<\/span><\/b><\/p>\n<p>Wir freuen uns \u00fcber Vereine und Organisationen, die Interesse an einer Mitgliedschaft und Mitarbeit haben.<\/p>\n<p>Mitglied in der BAG FORSA kann jede feministische Organisation gegen sexuelle Gewalt an M\u00e4dchen und Frauen werden, die als mildt\u00e4tig und gemeinn\u00fctzig anerkannt und eine selbstst\u00e4ndige Rechtspers\u00f6nlichkeit ist.<\/p>\n<p>Bitte nehmen Sie Kontakt mit uns auf, gerne informieren wir Sie \u00fcber die Arbeit der BAG FORSA und der M\u00f6glichkeit Mitglied zu werden.<\/p>\n","protected":false},"excerpt":{"rendered":"<p>&nbsp; Sie wollen Mitglied werden?\u00a0 Wir freuen uns \u00fcber Vereine und Organisationen, die Interesse an einer Mitgliedschaft und Mitarbeit haben. Mitglied in der BAG FORSA kann jede feministische Organisation gegen sexuelle Gewalt an M\u00e4dchen und Frauen werden, die als mildt\u00e4tig und gemeinn\u00fctzig anerkannt und eine selbstst\u00e4ndige Rechtspers\u00f6nlichkeit ist. Bitte nehmen Sie Kontakt mit uns auf, gerne informieren wir Sie \u00fcber die Arbeit der BAG FORSA und der M\u00f6glichkeit Mitglied zu werden.<\/p>\n","protected":false},"author":1,"featured_media":0,"parent":0,"menu_order":0,"comment_status":"closed","ping_status":"closed","template":"template-full-width.php","meta":{"footnotes":""},"class_list":["post-11","page","type-page","status-publish","hentry"],"_links":{"self":[{"href":"https:\/\/bag-forsa.de\/de\/wp-json\/wp\/v2\/pages\/11","targetHints":{"allow":["GET"]}}],"collection":[{"href":"https:\/\/bag-forsa.de\/de\/wp-json\/wp\/v2\/pages"}],"about":[{"href":"https:\/\/bag-forsa.de\/de\/wp-json\/wp\/v2\/types\/page"}],"author":[{"embeddable":true,"href":"https:\/\/bag-forsa.de\/de\/wp-json\/wp\/v2\/users\/1"}],"replies":[{"embeddable":true,"href":"https:\/\/bag-forsa.de\/de\/wp-json\/wp\/v2\/comments?post=11"}],"version-history":[{"count":22,"href":"https:\/\/bag-forsa.de\/de\/wp-json\/wp\/v2\/pages\/11\/revisions"}],"predecessor-version":[{"id":857,"href":"https:\/\/bag-forsa.de\/de\/wp-json\/wp\/v2\/pages\/11\/revisions\/857"}],"wp:attachment":[{"href":"https:\/\/bag-forsa.de\/de\/wp-json\/wp\/v2\/media?parent=11"}],"curies":[{"name":"wp","href":"https:\/\/api.w.org\/{rel}","templated":true}]}}